{"id":8607,"date":"2024-01-24T19:31:40","date_gmt":"2024-01-24T16:31:40","guid":{"rendered":"http:\/\/petekpanel.com.tr\/?page_id=8607"},"modified":"2024-01-24T19:51:46","modified_gmt":"2024-01-24T16:51:46","slug":"petek-panelin-her-hali","status":"publish","type":"page","link":"https:\/\/petekpanel.com.tr\/index.php\/petek-panelin-her-hali\/","title":{"rendered":"PETEK PANEL\u0130N HER HAL\u0130"},"content":{"rendered":"\t\t<div data-elementor-type=\"wp-page\" data-elementor-id=\"8607\" class=\"elementor elementor-8607\">\n\t\t\t\t\t\t\t\t\t<section class=\"elementor-section elementor-top-section elementor-element elementor-element-c12a435 elementor-section-boxed elementor-section-height-default elementor-section-height-default wd-section-disabled\" data-id=\"c12a435\" data-element_type=\"section\">\n\t\t\t\t\t\t<div class=\"elementor-container elementor-column-gap-default\">\n\t\t\t\t\t<div class=\"elementor-column elementor-col-50 elementor-top-column elementor-element elementor-element-9170971\" data-id=\"9170971\" data-element_type=\"column\">\n\t\t\t<div class=\"elementor-widget-wrap elementor-element-populated\">\n\t\t\t\t\t\t\t\t<div class=\"elementor-element elementor-element-c3ae977 elementor-widget elementor-widget-jkit_banner\" data-id=\"c3ae977\" data-element_type=\"widget\" data-widget_type=\"jkit_banner.default\">\n\t\t\t\t<div class=\"elementor-widget-container\">\n\t\t\t<div  class=\"jeg-elementor-kit jkit-banner jeg_module___69e1b5f89a032\" ><div class=\"jkit-banner-wrapper\"><div class=\"jkit-banner-image\" style=\"background-image: url(https:\/\/petekpanel.com.tr\/wp-content\/uploads\/2024\/01\/levha.jpg)\"><\/div><div class=\"jkit-banner-content\"><div class=\"jkit-banner-content-inner\"><h5 class=\"jkit-banner-subtitle\"><\/h5><h4 class=\"jkit-banner-title\">PETEK PANEL\u0130N LEVHA HAL\u0130<\/h4><a href=\"#\"  class=\"jkit-banner-button-link\"  >\u0130ncele<i aria-hidden=\"true\" class=\"jki jki-arrow-right-solid\"><\/i><\/a><\/div><\/div><div class=\"jkit-banner-box-sale jkit-box-sale-position-right jkit-box-sale-position-top\"><div class=\"jkit-banner-box-sale-before-text\"><\/div><div class=\"jkit-banner-box-sale-text\"><span class=\"jkit-banner-box-sale-unit\"><\/span><\/div><\/div><a href=\"#\"  class=\"jkit-banner-all-link\"  ><\/a><\/div><\/div>\t\t<\/div>\n\t\t\t\t<\/div>\n\t\t\t\t\t<\/div>\n\t\t<\/div>\n\t\t\t\t<div class=\"elementor-column elementor-col-50 elementor-top-column elementor-element elementor-element-0c77f0a\" data-id=\"0c77f0a\" data-element_type=\"column\">\n\t\t\t<div class=\"elementor-widget-wrap elementor-element-populated\">\n\t\t\t\t\t\t\t\t<div class=\"elementor-element elementor-element-c554569 elementor-widget elementor-widget-jkit_banner\" data-id=\"c554569\" data-element_type=\"widget\" data-widget_type=\"jkit_banner.default\">\n\t\t\t\t<div class=\"elementor-widget-container\">\n\t\t\t<div  class=\"jeg-elementor-kit jkit-banner jeg_module__1_69e1b5f89cadc\" ><div class=\"jkit-banner-wrapper\"><div class=\"jkit-banner-image\" style=\"background-image: url(https:\/\/petekpanel.com.tr\/wp-content\/uploads\/2024\/01\/palet.jpg)\"><\/div><div class=\"jkit-banner-content\"><div class=\"jkit-banner-content-inner\"><h5 class=\"jkit-banner-subtitle\"><\/h5><h4 class=\"jkit-banner-title\">PETEK PANEL\u0130N PALET HAL\u0130<\/h4><a href=\"#\"  class=\"jkit-banner-button-link\"  >\u0130ncele<i aria-hidden=\"true\" class=\"jki jki-arrow-right-solid\"><\/i><\/a><\/div><\/div><div class=\"jkit-banner-box-sale jkit-box-sale-position-right jkit-box-sale-position-top\"><div class=\"jkit-banner-box-sale-before-text\"><\/div><div class=\"jkit-banner-box-sale-text\"><span class=\"jkit-banner-box-sale-unit\"><\/span><\/div><\/div><a href=\"#\"  class=\"jkit-banner-all-link\"  ><\/a><\/div><\/div>\t\t<\/div>\n\t\t\t\t<\/div>\n\t\t\t\t\t<\/div>\n\t\t<\/div>\n\t\t\t\t\t\t\t<\/div>\n\t\t<\/section>\n\t\t\t\t<section class=\"elementor-section elementor-top-section elementor-element elementor-element-28ea6cf elementor-section-boxed elementor-section-height-default elementor-section-height-default wd-section-disabled\" data-id=\"28ea6cf\" data-element_type=\"section\">\n\t\t\t\t\t\t<div class=\"elementor-container elementor-column-gap-default\">\n\t\t\t\t\t<div class=\"elementor-column elementor-col-50 elementor-top-column elementor-element elementor-element-29a8586\" data-id=\"29a8586\" data-element_type=\"column\">\n\t\t\t<div class=\"elementor-widget-wrap elementor-element-populated\">\n\t\t\t\t\t\t\t\t<div class=\"elementor-element elementor-element-949a4f2 elementor-widget elementor-widget-jkit_banner\" data-id=\"949a4f2\" data-element_type=\"widget\" data-widget_type=\"jkit_banner.default\">\n\t\t\t\t<div class=\"elementor-widget-container\">\n\t\t\t<div  class=\"jeg-elementor-kit jkit-banner jeg_module__2_69e1b5f89f806\" ><div class=\"jkit-banner-wrapper\"><div class=\"jkit-banner-image\" style=\"background-image: url(https:\/\/petekpanel.com.tr\/wp-content\/uploads\/2024\/01\/sandik.jpg)\"><\/div><div class=\"jkit-banner-content\"><div class=\"jkit-banner-content-inner\"><h5 class=\"jkit-banner-subtitle\"><\/h5><h4 class=\"jkit-banner-title\">PETEK PANEL\u0130N SANDIK HAL\u0130<\/h4><a href=\"#\"  class=\"jkit-banner-button-link\"  >\u0130ncele<i aria-hidden=\"true\" class=\"jki jki-arrow-right-solid\"><\/i><\/a><\/div><\/div><div class=\"jkit-banner-box-sale jkit-box-sale-position-right jkit-box-sale-position-top\"><div class=\"jkit-banner-box-sale-before-text\"><\/div><div class=\"jkit-banner-box-sale-text\"><span class=\"jkit-banner-box-sale-unit\"><\/span><\/div><\/div><a href=\"#\"  class=\"jkit-banner-all-link\"  ><\/a><\/div><\/div>\t\t<\/div>\n\t\t\t\t<\/div>\n\t\t\t\t\t<\/div>\n\t\t<\/div>\n\t\t\t\t<div class=\"elementor-column elementor-col-50 elementor-top-column elementor-element elementor-element-7fb4b18\" data-id=\"7fb4b18\" data-element_type=\"column\">\n\t\t\t<div class=\"elementor-widget-wrap elementor-element-populated\">\n\t\t\t\t\t\t\t\t<div class=\"elementor-element elementor-element-134017f elementor-widget elementor-widget-jkit_banner\" data-id=\"134017f\" data-element_type=\"widget\" data-widget_type=\"jkit_banner.default\">\n\t\t\t\t<div class=\"elementor-widget-container\">\n\t\t\t<div  class=\"jeg-elementor-kit jkit-banner jeg_module__3_69e1b5f8a2224\" ><div class=\"jkit-banner-wrapper\"><div class=\"jkit-banner-image\" style=\"background-image: url(https:\/\/petekpanel.com.tr\/wp-content\/uploads\/2024\/01\/seperator.jpg)\"><\/div><div class=\"jkit-banner-content\"><div class=\"jkit-banner-content-inner\"><h5 class=\"jkit-banner-subtitle\"><\/h5><h4 class=\"jkit-banner-title\">PETEK PANEL\u0130N SEPERAT\u00d6R HAL\u0130<\/h4><a href=\"#\"  class=\"jkit-banner-button-link\"  >\u0130ncele<i aria-hidden=\"true\" class=\"jki jki-arrow-right-solid\"><\/i><\/a><\/div><\/div><div class=\"jkit-banner-box-sale jkit-box-sale-position-right jkit-box-sale-position-top\"><div class=\"jkit-banner-box-sale-before-text\"><\/div><div class=\"jkit-banner-box-sale-text\"><span class=\"jkit-banner-box-sale-unit\"><\/span><\/div><\/div><a href=\"#\"  class=\"jkit-banner-all-link\"  ><\/a><\/div><\/div>\t\t<\/div>\n\t\t\t\t<\/div>\n\t\t\t\t\t<\/div>\n\t\t<\/div>\n\t\t\t\t\t\t\t<\/div>\n\t\t<\/section>\n\t\t\t\t\t\t\t<\/div>\n\t\t","protected":false},"excerpt":{"rendered":"<p>PETEK PANEL\u0130N LEVHA HAL\u0130 \u0130ncele PETEK PANEL\u0130N PALET HAL\u0130 \u0130ncele PETEK PANEL\u0130N SANDIK HAL\u0130 \u0130ncele PETEK PANEL\u0130N SEPERAT\u00d6R HAL\u0130 \u0130ncele<\/p>\n","protected":false},"author":1,"featured_media":0,"parent":0,"menu_order":0,"comment_status":"closed","ping_status":"closed","template":"","meta":{"footnotes":""},"class_list":["post-8607","page","type-page","status-publish","hentry"],"_links":{"self":[{"href":"https:\/\/petekpanel.com.tr\/index.php\/wp-json\/wp\/v2\/pages\/8607","targetHints":{"allow":["GET"]}}],"collection":[{"href":"https:\/\/petekpanel.com.tr\/index.php\/wp-json\/wp\/v2\/pages"}],"about":[{"href":"https:\/\/petekpanel.com.tr\/index.php\/wp-json\/wp\/v2\/types\/page"}],"author":[{"embeddable":true,"href":"https:\/\/petekpanel.com.tr\/index.php\/wp-json\/wp\/v2\/users\/1"}],"replies":[{"embeddable":true,"href":"https:\/\/petekpanel.com.tr\/index.php\/wp-json\/wp\/v2\/comments?post=8607"}],"version-history":[{"count":4,"href":"https:\/\/petekpanel.com.tr\/index.php\/wp-json\/wp\/v2\/pages\/8607\/revisions"}],"predecessor-version":[{"id":8615,"href":"https:\/\/petekpanel.com.tr\/index.php\/wp-json\/wp\/v2\/pages\/8607\/revisions\/8615"}],"wp:attachment":[{"href":"https:\/\/petekpanel.com.tr\/index.php\/wp-json\/wp\/v2\/media?parent=8607"}],"curies":[{"name":"wp","href":"https:\/\/api.w.org\/{rel}","templated":true}]}}